{"id":41951,"date":"2022-07-21T14:21:51","date_gmt":"2022-07-21T12:21:51","guid":{"rendered":"https:\/\/www.vhf.com\/?page_id=41951"},"modified":"2025-02-21T11:09:31","modified_gmt":"2025-02-21T10:09:31","slug":"angebot-anfordern","status":"publish","type":"page","link":"https:\/\/www.vhf.com\/de-de\/kontakt\/angebot-anfordern\/","title":{"rendered":"Angebot anfordern"},"content":{"rendered":"\n<style type=\"text\/css\" data-created_by=\"avia_inline_auto\" id=\"style-css-av-7brh90-1eb6258f49797bc07babd25e2ef91e2b\">\n.flex_column.av-7brh90-1eb6258f49797bc07babd25e2ef91e2b{\nborder-radius:0px 0px 0px 0px;\npadding:0px 0px 0px 0px;\n}\n<\/style>\n<div  class='flex_column av-7brh90-1eb6258f49797bc07babd25e2ef91e2b av_one_fifth  avia-builder-el-0  el_before_av_three_fifth  avia-builder-el-first  first flex_column_div av-zero-column-padding  '     ><\/div>\n<div  class='flex_column av-av_three_fifth-337486787960716147ecfb4074cb91c6 av_three_fifth  avia-builder-el-1  el_after_av_one_fifth  el_before_av_one_fifth  flex_column_div  '     ><p>\n<style type=\"text\/css\" data-created_by=\"avia_inline_auto\" id=\"style-css-av-av_hr-2ef2b63693847d72d3815fa82a2d449e\">\n#top .hr.av-av_hr-2ef2b63693847d72d3815fa82a2d449e{\nmargin-top:15px;\nmargin-bottom:15px;\n}\n.hr.av-av_hr-2ef2b63693847d72d3815fa82a2d449e .hr-inner{\nwidth:40px;\nborder-color:#e51b38;\n}\n<\/style>\n<div  class='hr av-av_hr-2ef2b63693847d72d3815fa82a2d449e hr-custom  avia-builder-el-2  el_before_av_heading  avia-builder-el-first  hr-center hr-icon-no'><span class='hr-inner inner-border-av-border-fat'><span class=\"hr-inner-style\"><\/span><\/span><\/div><br \/>\n\n<style type=\"text\/css\" data-created_by=\"avia_inline_auto\" id=\"style-css-av-m7elwb20-854479f269f58808803d0b6b4a7b3afb\">\n#top .av-special-heading.av-m7elwb20-854479f269f58808803d0b6b4a7b3afb{\npadding-bottom:10px;\nfont-size:36px;\n}\nbody .av-special-heading.av-m7elwb20-854479f269f58808803d0b6b4a7b3afb .av-special-heading-tag .heading-char{\nfont-size:25px;\n}\n#top #wrap_all .av-special-heading.av-m7elwb20-854479f269f58808803d0b6b4a7b3afb .av-special-heading-tag{\nfont-size:36px;\n}\n.av-special-heading.av-m7elwb20-854479f269f58808803d0b6b4a7b3afb .av-subheading{\nfont-size:18px;\n}\n\n@media only screen and (min-width: 480px) and (max-width: 767px){ \n#top #wrap_all .av-special-heading.av-m7elwb20-854479f269f58808803d0b6b4a7b3afb .av-special-heading-tag{\nfont-size:0.8em;\n}\n}\n\n@media only screen and (max-width: 479px){ \n#top #wrap_all .av-special-heading.av-m7elwb20-854479f269f58808803d0b6b4a7b3afb .av-special-heading-tag{\nfont-size:0.8em;\n}\n}\n<\/style>\n<div  class='av-special-heading av-m7elwb20-854479f269f58808803d0b6b4a7b3afb av-special-heading-h1 blockquote modern-quote modern-centered  avia-builder-el-3  el_after_av_hr  el_before_av_hr  av-inherit-size av-linked-heading'><h1 class='av-special-heading-tag '  itemprop=\"headline\"  >Angebot anfordern<\/h1><div class=\"special-heading-border\"><div class=\"special-heading-inner-border\"><\/div><\/div><\/div><br \/>\n\n<style type=\"text\/css\" data-created_by=\"avia_inline_auto\" id=\"style-css-av-av_hr-82f5be0ae0af6a64fe3091010b237709\">\n#top .hr.hr-invisible.av-av_hr-82f5be0ae0af6a64fe3091010b237709{\nheight:20px;\n}\n<\/style>\n<div  class='hr av-av_hr-82f5be0ae0af6a64fe3091010b237709 hr-invisible  avia-builder-el-4  el_after_av_heading  el_before_av_textblock '><span class='hr-inner '><span class=\"hr-inner-style\"><\/span><\/span><\/div><br \/>\n<section  class='av_textblock_section av-m7elwiyu-b8fe07cad2479930517f36e817e794f8 '   itemscope=\"itemscope\" itemtype=\"https:\/\/schema.org\/CreativeWork\" ><div class='avia_textblock'  itemprop=\"text\" ><p>Gerne erstellen wir Ihnen ein Angebot f\u00fcr eine <a href=\"\/de-de\/produkte\/industrie-werbetechnik\/cnc-fraesmaschinen\/\" data-internallinksmanager029f6b8e52c=\"1\" title=\"CNC-Fr\u00e4smaschinen\">CNC-Fr\u00e4smaschine<\/a> mit allem n\u00f6tigen Zubeh\u00f6r, das auf Ihre individuellen Bed\u00fcrfnisse zugeschnitten ist.<\/p>\n<p><strong>Wir schicken Ihnen schnell \u2013 selbstverst\u00e4ndlich kostenlos und unverbindlich \u2013 ein Angebot zu.<\/strong><\/p>\n<\/div><\/section><\/p><\/div>\n<style type=\"text\/css\" data-created_by=\"avia_inline_auto\" id=\"style-css-av-1y4o6c-1c2c9a7d7b8e8766b7c67b8cbbcd6080\">\n.flex_column.av-1y4o6c-1c2c9a7d7b8e8766b7c67b8cbbcd6080{\nborder-radius:0px 0px 0px 0px;\npadding:0px 0px 0px 0px;\n}\n<\/style>\n<div  class='flex_column av-1y4o6c-1c2c9a7d7b8e8766b7c67b8cbbcd6080 av_one_fifth  avia-builder-el-6  el_after_av_three_fifth  el_before_av_hr  flex_column_div av-zero-column-padding  '     ><\/div><\/p>\n\n<style type=\"text\/css\" data-created_by=\"avia_inline_auto\" id=\"style-css-av-36yeb8-3eb539a0544dc483496b37ebc9feafbe\">\n#top .hr.hr-invisible.av-36yeb8-3eb539a0544dc483496b37ebc9feafbe{\nheight:20px;\n}\n<\/style>\n<div  class='hr av-36yeb8-3eb539a0544dc483496b37ebc9feafbe hr-invisible  avia-builder-el-7  el_after_av_one_fifth  el_before_av_one_fifth '><span class='hr-inner '><span class=\"hr-inner-style\"><\/span><\/span><\/div>\n\n<style type=\"text\/css\" data-created_by=\"avia_inline_auto\" id=\"style-css-av-4em43o-d376d5cc4ff52256e55c7e04d4bb784e\">\n.flex_column.av-4em43o-d376d5cc4ff52256e55c7e04d4bb784e{\nborder-radius:0px 0px 0px 0px;\npadding:0px 0px 0px 0px;\n}\n<\/style>\n<div  class='flex_column av-4em43o-d376d5cc4ff52256e55c7e04d4bb784e av_one_fifth  avia-builder-el-8  el_after_av_hr  el_before_av_three_fifth  first flex_column_div av-zero-column-padding  '     ><\/div>\n\n<style type=\"text\/css\" data-created_by=\"avia_inline_auto\" id=\"style-css-av-qqgask-9cc94175fdfbda822d429ac1d94d5c2f\">\n.flex_column.av-qqgask-9cc94175fdfbda822d429ac1d94d5c2f{\nborder-radius:0px 0px 0px 0px;\npadding:0px 0px 0px 0px;\n}\n<\/style>\n<div  class='flex_column av-qqgask-9cc94175fdfbda822d429ac1d94d5c2f av_three_fifth  avia-builder-el-9  el_after_av_one_fifth  el_before_av_one_fifth  flex_column_div av-zero-column-padding  '     ><\/div>\n<style type=\"text\/css\" data-created_by=\"avia_inline_auto\" id=\"style-css-av-39rzpw-daa5b14d197cf68692bcb9c4aa505d9e\">\n.flex_column.av-39rzpw-daa5b14d197cf68692bcb9c4aa505d9e{\nborder-radius:0px 0px 0px 0px;\npadding:0px 0px 0px 0px;\n}\n<\/style>\n<div  class='flex_column av-39rzpw-daa5b14d197cf68692bcb9c4aa505d9e av_one_fifth  avia-builder-el-11  el_after_av_three_fifth  el_before_av_hr  flex_column_div av-zero-column-padding  '     ><\/div><\/p>\n\n<style type=\"text\/css\" data-created_by=\"avia_inline_auto\" id=\"style-css-av-sc7ch0-4f6942c1e961d04353981b358839affd\">\n#top .hr.hr-invisible.av-sc7ch0-4f6942c1e961d04353981b358839affd{\nheight:50px;\n}\n<\/style>\n<div  class='hr av-sc7ch0-4f6942c1e961d04353981b358839affd hr-invisible  avia-builder-el-12  el_after_av_one_fifth  avia-builder-el-last '><span class='hr-inner '><span class=\"hr-inner-style\"><\/span><\/span><\/div>\n","protected":false},"excerpt":{"rendered":"","protected":false},"author":1,"featured_media":0,"parent":41946,"menu_order":0,"comment_status":"closed","ping_status":"closed","template":"","meta":{"footnotes":""},"class_list":["post-41951","page","type-page","status-publish","hentry"],"yoast_head":"<!-- This site is optimized with the Yoast SEO Premium plugin v26.2 (Yoast SEO v27.5) - https:\/\/yoast.com\/product\/yoast-seo-premium-wordpress\/ -->\n<title>Angebot anfordern | vhf camfacture AG<\/title>\n<meta name=\"robots\" content=\"index, follow, max-snippet:-1, max-image-preview:large, max-video-preview:-1\" \/>\n<link rel=\"canonical\" href=\"https:\/\/www.vhf.com\/de-de\/kontakt\/angebot-anfordern\/\" \/>\n<meta property=\"og:locale\" content=\"de_DE\" \/>\n<meta property=\"og:type\" content=\"article\" \/>\n<meta property=\"og:title\" content=\"Angebot anfordern | vhf camfacture AG\" \/>\n<meta property=\"og:url\" content=\"https:\/\/www.vhf.com\/de-de\/kontakt\/angebot-anfordern\/\" \/>\n<meta property=\"og:site_name\" content=\"vhf camfacture AG\" \/>\n<meta property=\"article:publisher\" content=\"https:\/\/de-de.facebook.com\/vhf.de\/\" \/>\n<meta property=\"article:modified_time\" content=\"2025-02-21T10:09:31+00:00\" \/>\n<meta name=\"twitter:card\" content=\"summary_large_image\" \/>\n<meta name=\"twitter:label1\" content=\"Est. reading time\" \/>\n\t<meta name=\"twitter:data1\" content=\"1 minute\" \/>\n<script type=\"application\/ld+json\" class=\"yoast-schema-graph\">{\"@context\":\"https:\\\/\\\/schema.org\",\"@graph\":[{\"@type\":\"WebPage\",\"@id\":\"https:\\\/\\\/www.vhf.com\\\/de-de\\\/kontakt\\\/angebot-anfordern\\\/\",\"url\":\"https:\\\/\\\/www.vhf.com\\\/de-de\\\/kontakt\\\/angebot-anfordern\\\/\",\"name\":\"Angebot anfordern | vhf camfacture AG\",\"isPartOf\":{\"@id\":\"https:\\\/\\\/www.vhf.com\\\/de-de\\\/#website\"},\"datePublished\":\"2022-07-21T12:21:51+00:00\",\"dateModified\":\"2025-02-21T10:09:31+00:00\",\"breadcrumb\":{\"@id\":\"https:\\\/\\\/www.vhf.com\\\/de-de\\\/kontakt\\\/angebot-anfordern\\\/#breadcrumb\"},\"inLanguage\":\"de\",\"potentialAction\":[{\"@type\":\"ReadAction\",\"target\":[\"https:\\\/\\\/www.vhf.com\\\/de-de\\\/kontakt\\\/angebot-anfordern\\\/\"]}]},{\"@type\":\"BreadcrumbList\",\"@id\":\"https:\\\/\\\/www.vhf.com\\\/de-de\\\/kontakt\\\/angebot-anfordern\\\/#breadcrumb\",\"itemListElement\":[{\"@type\":\"ListItem\",\"position\":1,\"name\":\"Startseite\",\"item\":\"https:\\\/\\\/www.vhf.com\\\/de-de\\\/creating-perfection\\\/\"},{\"@type\":\"ListItem\",\"position\":2,\"name\":\"Kontakt\",\"item\":\"https:\\\/\\\/www.vhf.com\\\/de-de\\\/kontakt\\\/\"},{\"@type\":\"ListItem\",\"position\":3,\"name\":\"Angebot anfordern\"}]},{\"@type\":\"WebSite\",\"@id\":\"https:\\\/\\\/www.vhf.com\\\/de-de\\\/#website\",\"url\":\"https:\\\/\\\/www.vhf.com\\\/de-de\\\/\",\"name\":\"vhf camfacture AG\",\"description\":\"CNC-Fr\u00e4smaschinen und Fr\u00e4swerkzeuge f\u00fcr Dental, Industrie und Werbetechnik.\",\"publisher\":{\"@id\":\"https:\\\/\\\/www.vhf.com\\\/de-de\\\/#organization\"},\"potentialAction\":[{\"@type\":\"SearchAction\",\"target\":{\"@type\":\"EntryPoint\",\"urlTemplate\":\"https:\\\/\\\/www.vhf.com\\\/de-de\\\/?s={search_term_string}\"},\"query-input\":{\"@type\":\"PropertyValueSpecification\",\"valueRequired\":true,\"valueName\":\"search_term_string\"}}],\"inLanguage\":\"de\"},{\"@type\":\"Organization\",\"@id\":\"https:\\\/\\\/www.vhf.com\\\/de-de\\\/#organization\",\"name\":\"vhf camfacture AG\",\"url\":\"https:\\\/\\\/www.vhf.com\\\/de-de\\\/\",\"logo\":{\"@type\":\"ImageObject\",\"inLanguage\":\"de\",\"@id\":\"https:\\\/\\\/www.vhf.com\\\/de-de\\\/#\\\/schema\\\/logo\\\/image\\\/\",\"url\":\"https:\\\/\\\/www.vhf.com\\\/wp-content\\\/uploads\\\/vhf-creating-perfection.jpg\",\"contentUrl\":\"https:\\\/\\\/www.vhf.com\\\/wp-content\\\/uploads\\\/vhf-creating-perfection.jpg\",\"width\":495,\"height\":400,\"caption\":\"vhf camfacture AG\"},\"image\":{\"@id\":\"https:\\\/\\\/www.vhf.com\\\/de-de\\\/#\\\/schema\\\/logo\\\/image\\\/\"},\"sameAs\":[\"https:\\\/\\\/de-de.facebook.com\\\/vhf.de\\\/\"]}]}<\/script>\n<!-- \/ Yoast SEO Premium plugin. -->","yoast_head_json":{"title":"Angebot anfordern | vhf camfacture AG","robots":{"index":"index","follow":"follow","max-snippet":"max-snippet:-1","max-image-preview":"max-image-preview:large","max-video-preview":"max-video-preview:-1"},"canonical":"https:\/\/www.vhf.com\/de-de\/kontakt\/angebot-anfordern\/","og_locale":"de_DE","og_type":"article","og_title":"Angebot anfordern | vhf camfacture AG","og_url":"https:\/\/www.vhf.com\/de-de\/kontakt\/angebot-anfordern\/","og_site_name":"vhf camfacture AG","article_publisher":"https:\/\/de-de.facebook.com\/vhf.de\/","article_modified_time":"2025-02-21T10:09:31+00:00","twitter_card":"summary_large_image","twitter_misc":{"Est. reading time":"1 minute"},"schema":{"@context":"https:\/\/schema.org","@graph":[{"@type":"WebPage","@id":"https:\/\/www.vhf.com\/de-de\/kontakt\/angebot-anfordern\/","url":"https:\/\/www.vhf.com\/de-de\/kontakt\/angebot-anfordern\/","name":"Angebot anfordern | vhf camfacture AG","isPartOf":{"@id":"https:\/\/www.vhf.com\/de-de\/#website"},"datePublished":"2022-07-21T12:21:51+00:00","dateModified":"2025-02-21T10:09:31+00:00","breadcrumb":{"@id":"https:\/\/www.vhf.com\/de-de\/kontakt\/angebot-anfordern\/#breadcrumb"},"inLanguage":"de","potentialAction":[{"@type":"ReadAction","target":["https:\/\/www.vhf.com\/de-de\/kontakt\/angebot-anfordern\/"]}]},{"@type":"BreadcrumbList","@id":"https:\/\/www.vhf.com\/de-de\/kontakt\/angebot-anfordern\/#breadcrumb","itemListElement":[{"@type":"ListItem","position":1,"name":"Startseite","item":"https:\/\/www.vhf.com\/de-de\/creating-perfection\/"},{"@type":"ListItem","position":2,"name":"Kontakt","item":"https:\/\/www.vhf.com\/de-de\/kontakt\/"},{"@type":"ListItem","position":3,"name":"Angebot anfordern"}]},{"@type":"WebSite","@id":"https:\/\/www.vhf.com\/de-de\/#website","url":"https:\/\/www.vhf.com\/de-de\/","name":"vhf camfacture AG","description":"CNC-Fr\u00e4smaschinen und Fr\u00e4swerkzeuge f\u00fcr Dental, Industrie und Werbetechnik.","publisher":{"@id":"https:\/\/www.vhf.com\/de-de\/#organization"},"potentialAction":[{"@type":"SearchAction","target":{"@type":"EntryPoint","urlTemplate":"https:\/\/www.vhf.com\/de-de\/?s={search_term_string}"},"query-input":{"@type":"PropertyValueSpecification","valueRequired":true,"valueName":"search_term_string"}}],"inLanguage":"de"},{"@type":"Organization","@id":"https:\/\/www.vhf.com\/de-de\/#organization","name":"vhf camfacture AG","url":"https:\/\/www.vhf.com\/de-de\/","logo":{"@type":"ImageObject","inLanguage":"de","@id":"https:\/\/www.vhf.com\/de-de\/#\/schema\/logo\/image\/","url":"https:\/\/www.vhf.com\/wp-content\/uploads\/vhf-creating-perfection.jpg","contentUrl":"https:\/\/www.vhf.com\/wp-content\/uploads\/vhf-creating-perfection.jpg","width":495,"height":400,"caption":"vhf camfacture AG"},"image":{"@id":"https:\/\/www.vhf.com\/de-de\/#\/schema\/logo\/image\/"},"sameAs":["https:\/\/de-de.facebook.com\/vhf.de\/"]}]}},"_links":{"self":[{"href":"https:\/\/www.vhf.com\/de-de\/wp-json\/wp\/v2\/pages\/41951","targetHints":{"allow":["GET"]}}],"collection":[{"href":"https:\/\/www.vhf.com\/de-de\/wp-json\/wp\/v2\/pages"}],"about":[{"href":"https:\/\/www.vhf.com\/de-de\/wp-json\/wp\/v2\/types\/page"}],"author":[{"embeddable":true,"href":"https:\/\/www.vhf.com\/de-de\/wp-json\/wp\/v2\/users\/1"}],"replies":[{"embeddable":true,"href":"https:\/\/www.vhf.com\/de-de\/wp-json\/wp\/v2\/comments?post=41951"}],"version-history":[{"count":5,"href":"https:\/\/www.vhf.com\/de-de\/wp-json\/wp\/v2\/pages\/41951\/revisions"}],"predecessor-version":[{"id":88570,"href":"https:\/\/www.vhf.com\/de-de\/wp-json\/wp\/v2\/pages\/41951\/revisions\/88570"}],"up":[{"embeddable":true,"href":"https:\/\/www.vhf.com\/de-de\/wp-json\/wp\/v2\/pages\/41946"}],"wp:attachment":[{"href":"https:\/\/www.vhf.com\/de-de\/wp-json\/wp\/v2\/media?parent=41951"}],"curies":[{"name":"wp","href":"https:\/\/api.w.org\/{rel}","templated":true}]}}