{"id":81383,"date":"2024-09-20T14:07:09","date_gmt":"2024-09-20T12:07:09","guid":{"rendered":"https:\/\/www.vhf.com\/?page_id=81383"},"modified":"2025-03-14T08:33:22","modified_gmt":"2025-03-14T07:33:22","slug":"partner-login-marketing","status":"publish","type":"page","link":"https:\/\/www.vhf.com\/de-de\/service\/service-dental\/partner-login-marketing\/","title":{"rendered":"Partner-Login Marketing"},"content":{"rendered":"","protected":true},"excerpt":{"rendered":"","protected":true},"author":1,"featured_media":0,"parent":42365,"menu_order":0,"comment_status":"closed","ping_status":"closed","template":"","meta":{"footnotes":""},"class_list":["post-81383","page","type-page","status-publish","post-password-required","hentry"],"yoast_head":"<!-- This site is optimized with the Yoast SEO Premium plugin v26.2 (Yoast SEO v27.5) - https:\/\/yoast.com\/product\/yoast-seo-premium-wordpress\/ -->\n<title>Partner-Login Marketing | vhf camfacture AG<\/title>\n<meta name=\"robots\" content=\"noindex, follow\" \/>\n<meta property=\"og:locale\" content=\"de_DE\" \/>\n<meta property=\"og:type\" content=\"article\" \/>\n<meta property=\"og:title\" content=\"Partner-Login Marketing | vhf camfacture AG\" \/>\n<meta property=\"og:description\" content=\"There is no excerpt because this is a protected post.\" \/>\n<meta property=\"og:url\" content=\"https:\/\/www.vhf.com\/de-de\/service\/service-dental\/partner-login-marketing\/\" \/>\n<meta property=\"og:site_name\" content=\"vhf camfacture AG\" \/>\n<meta property=\"article:publisher\" content=\"https:\/\/de-de.facebook.com\/vhf.de\/\" \/>\n<meta property=\"article:modified_time\" content=\"2025-03-14T07:33:22+00:00\" \/>\n<meta name=\"twitter:card\" content=\"summary_large_image\" \/>\n<meta name=\"twitter:label1\" content=\"Est. reading time\" \/>\n\t<meta name=\"twitter:data1\" content=\"1 minute\" \/>\n<script type=\"application\/ld+json\" class=\"yoast-schema-graph\">{\"@context\":\"https:\\\/\\\/schema.org\",\"@graph\":[{\"@type\":\"WebPage\",\"@id\":\"https:\\\/\\\/www.vhf.com\\\/de-de\\\/service\\\/service-dental\\\/partner-login-marketing\\\/\",\"url\":\"https:\\\/\\\/www.vhf.com\\\/de-de\\\/service\\\/service-dental\\\/partner-login-marketing\\\/\",\"name\":\"Partner-Login Marketing | vhf camfacture AG\",\"isPartOf\":{\"@id\":\"https:\\\/\\\/www.vhf.com\\\/de-de\\\/#website\"},\"datePublished\":\"2024-09-20T12:07:09+00:00\",\"dateModified\":\"2025-03-14T07:33:22+00:00\",\"breadcrumb\":{\"@id\":\"https:\\\/\\\/www.vhf.com\\\/de-de\\\/service\\\/service-dental\\\/partner-login-marketing\\\/#breadcrumb\"},\"inLanguage\":\"de\"},{\"@type\":\"WebSite\",\"@id\":\"https:\\\/\\\/www.vhf.com\\\/de-de\\\/#website\",\"url\":\"https:\\\/\\\/www.vhf.com\\\/de-de\\\/\",\"name\":\"vhf camfacture AG\",\"description\":\"CNC-Fr\u00e4smaschinen und Fr\u00e4swerkzeuge f\u00fcr Dental, Industrie und Werbetechnik.\",\"publisher\":{\"@id\":\"https:\\\/\\\/www.vhf.com\\\/de-de\\\/#organization\"},\"potentialAction\":[{\"@type\":\"SearchAction\",\"target\":{\"@type\":\"EntryPoint\",\"urlTemplate\":\"https:\\\/\\\/www.vhf.com\\\/de-de\\\/?s={search_term_string}\"},\"query-input\":{\"@type\":\"PropertyValueSpecification\",\"valueRequired\":true,\"valueName\":\"search_term_string\"}}],\"inLanguage\":\"de\"},{\"@type\":\"Organization\",\"@id\":\"https:\\\/\\\/www.vhf.com\\\/de-de\\\/#organization\",\"name\":\"vhf camfacture AG\",\"url\":\"https:\\\/\\\/www.vhf.com\\\/de-de\\\/\",\"logo\":{\"@type\":\"ImageObject\",\"inLanguage\":\"de\",\"@id\":\"https:\\\/\\\/www.vhf.com\\\/de-de\\\/#\\\/schema\\\/logo\\\/image\\\/\",\"url\":\"https:\\\/\\\/www.vhf.com\\\/wp-content\\\/uploads\\\/vhf-creating-perfection.jpg\",\"contentUrl\":\"https:\\\/\\\/www.vhf.com\\\/wp-content\\\/uploads\\\/vhf-creating-perfection.jpg\",\"width\":495,\"height\":400,\"caption\":\"vhf camfacture AG\"},\"image\":{\"@id\":\"https:\\\/\\\/www.vhf.com\\\/de-de\\\/#\\\/schema\\\/logo\\\/image\\\/\"},\"sameAs\":[\"https:\\\/\\\/de-de.facebook.com\\\/vhf.de\\\/\"]}]}<\/script>\n<!-- \/ Yoast SEO Premium plugin. -->","yoast_head_json":{"title":"Partner-Login Marketing | vhf camfacture AG","robots":{"index":"noindex","follow":"follow"},"og_locale":"de_DE","og_type":"article","og_title":"Partner-Login Marketing | vhf camfacture AG","og_description":"There is no excerpt because this is a protected post.","og_url":"https:\/\/www.vhf.com\/de-de\/service\/service-dental\/partner-login-marketing\/","og_site_name":"vhf camfacture AG","article_publisher":"https:\/\/de-de.facebook.com\/vhf.de\/","article_modified_time":"2025-03-14T07:33:22+00:00","twitter_card":"summary_large_image","twitter_misc":{"Est. reading time":"1 minute"},"schema":{"@context":"https:\/\/schema.org","@graph":[{"@type":"WebPage","@id":"https:\/\/www.vhf.com\/de-de\/service\/service-dental\/partner-login-marketing\/","url":"https:\/\/www.vhf.com\/de-de\/service\/service-dental\/partner-login-marketing\/","name":"Partner-Login Marketing | vhf camfacture AG","isPartOf":{"@id":"https:\/\/www.vhf.com\/de-de\/#website"},"datePublished":"2024-09-20T12:07:09+00:00","dateModified":"2025-03-14T07:33:22+00:00","breadcrumb":{"@id":"https:\/\/www.vhf.com\/de-de\/service\/service-dental\/partner-login-marketing\/#breadcrumb"},"inLanguage":"de"},{"@type":"WebSite","@id":"https:\/\/www.vhf.com\/de-de\/#website","url":"https:\/\/www.vhf.com\/de-de\/","name":"vhf camfacture AG","description":"CNC-Fr\u00e4smaschinen und Fr\u00e4swerkzeuge f\u00fcr Dental, Industrie und Werbetechnik.","publisher":{"@id":"https:\/\/www.vhf.com\/de-de\/#organization"},"potentialAction":[{"@type":"SearchAction","target":{"@type":"EntryPoint","urlTemplate":"https:\/\/www.vhf.com\/de-de\/?s={search_term_string}"},"query-input":{"@type":"PropertyValueSpecification","valueRequired":true,"valueName":"search_term_string"}}],"inLanguage":"de"},{"@type":"Organization","@id":"https:\/\/www.vhf.com\/de-de\/#organization","name":"vhf camfacture AG","url":"https:\/\/www.vhf.com\/de-de\/","logo":{"@type":"ImageObject","inLanguage":"de","@id":"https:\/\/www.vhf.com\/de-de\/#\/schema\/logo\/image\/","url":"https:\/\/www.vhf.com\/wp-content\/uploads\/vhf-creating-perfection.jpg","contentUrl":"https:\/\/www.vhf.com\/wp-content\/uploads\/vhf-creating-perfection.jpg","width":495,"height":400,"caption":"vhf camfacture AG"},"image":{"@id":"https:\/\/www.vhf.com\/de-de\/#\/schema\/logo\/image\/"},"sameAs":["https:\/\/de-de.facebook.com\/vhf.de\/"]}]}},"_links":{"self":[{"href":"https:\/\/www.vhf.com\/de-de\/wp-json\/wp\/v2\/pages\/81383","targetHints":{"allow":["GET"]}}],"collection":[{"href":"https:\/\/www.vhf.com\/de-de\/wp-json\/wp\/v2\/pages"}],"about":[{"href":"https:\/\/www.vhf.com\/de-de\/wp-json\/wp\/v2\/types\/page"}],"author":[{"embeddable":true,"href":"https:\/\/www.vhf.com\/de-de\/wp-json\/wp\/v2\/users\/1"}],"replies":[{"embeddable":true,"href":"https:\/\/www.vhf.com\/de-de\/wp-json\/wp\/v2\/comments?post=81383"}],"version-history":[{"count":12,"href":"https:\/\/www.vhf.com\/de-de\/wp-json\/wp\/v2\/pages\/81383\/revisions"}],"predecessor-version":[{"id":99485,"href":"https:\/\/www.vhf.com\/de-de\/wp-json\/wp\/v2\/pages\/81383\/revisions\/99485"}],"up":[{"embeddable":true,"href":"https:\/\/www.vhf.com\/de-de\/wp-json\/wp\/v2\/pages\/42365"}],"wp:attachment":[{"href":"https:\/\/www.vhf.com\/de-de\/wp-json\/wp\/v2\/media?parent=81383"}],"curies":[{"name":"wp","href":"https:\/\/api.w.org\/{rel}","templated":true}]}}