{"id":46856,"date":"2022-08-12T14:07:17","date_gmt":"2022-08-12T12:07:17","guid":{"rendered":"https:\/\/www.vhf.com\/?page_id=46856"},"modified":"2025-02-24T08:31:58","modified_gmt":"2025-02-24T07:31:58","slug":"aviso-legal","status":"publish","type":"page","link":"https:\/\/www.vhf.com\/es\/aviso-legal\/","title":{"rendered":"Aviso legal"},"content":{"rendered":"\n<style type=\"text\/css\" data-created_by=\"avia_inline_auto\" id=\"style-css-av-amp3-75adbfa5fc18e0cdea661be1046f5a84\">\n.flex_column.av-amp3-75adbfa5fc18e0cdea661be1046f5a84{\nborder-radius:0px 0px 0px 0px;\npadding:0px 0px 0px 0px;\n}\n<\/style>\n<div  class='flex_column av-amp3-75adbfa5fc18e0cdea661be1046f5a84 av_one_fifth  avia-builder-el-0  el_before_av_three_fifth  avia-builder-el-first  first flex_column_div av-zero-column-padding  '     ><\/div>\n\n<style type=\"text\/css\" data-created_by=\"avia_inline_auto\" id=\"style-css-av-6x65-60458683c088fbc5ee9e3b1a7c2c2127\">\n.flex_column.av-6x65-60458683c088fbc5ee9e3b1a7c2c2127{\nborder-radius:0px 0px 0px 0px;\npadding:0px 0px 0px 0px;\n}\n<\/style>\n<div  class='flex_column av-6x65-60458683c088fbc5ee9e3b1a7c2c2127 av_three_fifth  avia-builder-el-1  el_after_av_one_fifth  el_before_av_one_fifth  flex_column_div av-zero-column-padding  '     ><p>\n<style type=\"text\/css\" data-created_by=\"avia_inline_auto\" id=\"style-css-av-7uif-040eeaf6fe6aa8b5a6fabf9a3997e215\">\n#top .av-special-heading.av-7uif-040eeaf6fe6aa8b5a6fabf9a3997e215{\npadding-bottom:10px;\nfont-size:36px;\n}\nbody .av-special-heading.av-7uif-040eeaf6fe6aa8b5a6fabf9a3997e215 .av-special-heading-tag .heading-char{\nfont-size:25px;\n}\n#top #wrap_all .av-special-heading.av-7uif-040eeaf6fe6aa8b5a6fabf9a3997e215 .av-special-heading-tag{\nfont-size:36px;\n}\n.av-special-heading.av-7uif-040eeaf6fe6aa8b5a6fabf9a3997e215 .av-subheading{\nfont-size:15px;\n}\n\n@media only screen and (min-width: 480px) and (max-width: 767px){ \n#top #wrap_all .av-special-heading.av-7uif-040eeaf6fe6aa8b5a6fabf9a3997e215 .av-special-heading-tag{\nfont-size:0.8em;\n}\n}\n\n@media only screen and (max-width: 479px){ \n#top #wrap_all .av-special-heading.av-7uif-040eeaf6fe6aa8b5a6fabf9a3997e215 .av-special-heading-tag{\nfont-size:0.8em;\n}\n}\n<\/style>\n<div  class='av-special-heading av-7uif-040eeaf6fe6aa8b5a6fabf9a3997e215 av-special-heading-h1 blockquote modern-quote  avia-builder-el-2  el_before_av_hr  avia-builder-el-first  av-inherit-size av-linked-heading'><h1 class='av-special-heading-tag '  itemprop=\"headline\"  >Aviso legal<\/h1><div class=\"special-heading-border\"><div class=\"special-heading-inner-border\"><\/div><\/div><\/div><br \/>\n\n<style type=\"text\/css\" data-created_by=\"avia_inline_auto\" id=\"style-css-av-l1n8a4hf-d756a80b3ea1768269dcd3d0009b3a1e\">\n#top .hr.hr-invisible.av-l1n8a4hf-d756a80b3ea1768269dcd3d0009b3a1e{\nheight:20px;\n}\n<\/style>\n<div  class='hr av-l1n8a4hf-d756a80b3ea1768269dcd3d0009b3a1e hr-invisible  avia-builder-el-3  el_after_av_heading  el_before_av_heading '><span class='hr-inner '><span class=\"hr-inner-style\"><\/span><\/span><\/div><br \/>\n\n<style type=\"text\/css\" data-created_by=\"avia_inline_auto\" id=\"style-css-av-4nn5-ad4180db38e55230610e3bf3c208af06\">\n#top .av-special-heading.av-4nn5-ad4180db38e55230610e3bf3c208af06{\npadding-bottom:10px;\n}\nbody .av-special-heading.av-4nn5-ad4180db38e55230610e3bf3c208af06 .av-special-heading-tag .heading-char{\nfont-size:25px;\n}\n.av-special-heading.av-4nn5-ad4180db38e55230610e3bf3c208af06 .av-subheading{\nfont-size:15px;\n}\n<\/style>\n<div  class='av-special-heading av-4nn5-ad4180db38e55230610e3bf3c208af06 av-special-heading-h3 blockquote modern-quote  avia-builder-el-4  el_after_av_hr  el_before_av_textblock  av-linked-heading'><h3 class='av-special-heading-tag '  itemprop=\"headline\"  >vhf camfacture AG<\/h3><div class=\"special-heading-border\"><div class=\"special-heading-inner-border\"><\/div><\/div><\/div><br \/>\n<section  class='av_textblock_section av-2zi5-b1c4dbd9a4f8a069e79b065d8bfc7acc '   itemscope=\"itemscope\" itemtype=\"https:\/\/schema.org\/CreativeWork\" ><div class='avia_textblock'  itemprop=\"text\" ><p>Lettenstra\u00dfe 10<br \/>\n72119 Ammerbuch<br \/>\nAlemania<\/p>\n<p>Tel\u00e9fono: +49 7032 97097 000<br \/>\nFax: +49 7032 97097 900<\/p>\n<p>Internet: <a href=\"https:\/\/www.vhf.com\">www.vhf.com<\/a><br \/>\nCorreo electr\u00f3nico: <a href=\"mailto:info@vhf.de\">info@vhf.de<\/a><\/p>\n<p>Consejo de administraci\u00f3n: Ing. (FH) Frank Benzinger (Presidente), Ing. (soz.) Arb. (FH) Ria Brandenberger<br \/>\nPresidente del Consejo de supervisi\u00f3n: Dipl.-Finanzwirt (FH) Stephan Bukowski<\/p>\n<p>Tribunal de registro: Tribunal de instancia de Stuttgart &#8211; HRB 724223<br \/>\nN\u00famero de identificaci\u00f3n del IVA: DE 159661298<br \/>\nN\u00b0 de TVA: 86119\/11509<br \/>\nN\u00ba de registro WEEE DE 28844844<\/p>\n<\/div><\/section><br \/>\n\n<style type=\"text\/css\" data-created_by=\"avia_inline_auto\" id=\"style-css-av-l1n6e5k6-7d9fa3ce225f366d68e9e6202aa013eb\">\n#top .hr.hr-invisible.av-l1n6e5k6-7d9fa3ce225f366d68e9e6202aa013eb{\nheight:20px;\n}\n<\/style>\n<div  class='hr av-l1n6e5k6-7d9fa3ce225f366d68e9e6202aa013eb hr-invisible  avia-builder-el-6  el_after_av_textblock  el_before_av_heading '><span class='hr-inner '><span class=\"hr-inner-style\"><\/span><\/span><\/div><br \/>\n\n<style type=\"text\/css\" data-created_by=\"avia_inline_auto\" id=\"style-css-av-33nb-a4b7b98de2942e39233e5f3322468c5e\">\n#top .av-special-heading.av-33nb-a4b7b98de2942e39233e5f3322468c5e{\npadding-bottom:10px;\n}\nbody .av-special-heading.av-33nb-a4b7b98de2942e39233e5f3322468c5e .av-special-heading-tag .heading-char{\nfont-size:25px;\n}\n.av-special-heading.av-33nb-a4b7b98de2942e39233e5f3322468c5e .av-subheading{\nfont-size:15px;\n}\n<\/style>\n<div  class='av-special-heading av-33nb-a4b7b98de2942e39233e5f3322468c5e av-special-heading-h3 blockquote modern-quote  avia-builder-el-7  el_after_av_hr  el_before_av_textblock  av-linked-heading'><h3 class='av-special-heading-tag '  itemprop=\"headline\"  >Sistema de denuncia de irregularidades<\/h3><div class=\"special-heading-border\"><div class=\"special-heading-inner-border\"><\/div><\/div><\/div><br \/>\n<section  class='av_textblock_section av-2zi5-1-8f7b779611d2f6d0c8d78bcbc46f8f83 '   itemscope=\"itemscope\" itemtype=\"https:\/\/schema.org\/CreativeWork\" ><div class='avia_textblock'  itemprop=\"text\" ><p>El cumplimiento de las leyes y directrices internas es muy importante para nosotros. Para conocer posibles infracciones de las leyes y directrices internas y poder poner en marcha medidas, ponemos a disposici\u00f3n de nuestros empleados, pero tambi\u00e9n de terceros, por ejemplo nuestros proveedores y prestadores de servicios, un sistema de denuncia de irregularidades que puede utilizarse para informar de infracciones de forma confidencial o an\u00f3nima. Nuestro sistema de denuncia de irregularidades est\u00e1 disponible aqu\u00ed: <a href=\"https:\/\/vhf.compliance.one\" target=\"_blank\" rel=\"noopener\">https:\/\/vhf.compliance.one<\/a><\/p>\n<\/div><\/section><br \/>\n\n<style type=\"text\/css\" data-created_by=\"avia_inline_auto\" id=\"style-css-av-av_hr-82f5be0ae0af6a64fe3091010b237709\">\n#top .hr.hr-invisible.av-av_hr-82f5be0ae0af6a64fe3091010b237709{\nheight:20px;\n}\n<\/style>\n<div  class='hr av-av_hr-82f5be0ae0af6a64fe3091010b237709 hr-invisible  avia-builder-el-9  el_after_av_textblock  el_before_av_heading '><span class='hr-inner '><span class=\"hr-inner-style\"><\/span><\/span><\/div><br \/>\n\n<style type=\"text\/css\" data-created_by=\"avia_inline_auto\" id=\"style-css-av-av_heading-91ed255f8c0bea15d8e77d6d3a190cec\">\n#top .av-special-heading.av-av_heading-91ed255f8c0bea15d8e77d6d3a190cec{\npadding-bottom:10px;\n}\nbody .av-special-heading.av-av_heading-91ed255f8c0bea15d8e77d6d3a190cec .av-special-heading-tag .heading-char{\nfont-size:25px;\n}\n.av-special-heading.av-av_heading-91ed255f8c0bea15d8e77d6d3a190cec .av-subheading{\nfont-size:15px;\n}\n<\/style>\n<div  class='av-special-heading av-av_heading-91ed255f8c0bea15d8e77d6d3a190cec av-special-heading-h3 blockquote modern-quote  avia-builder-el-10  el_after_av_hr  el_before_av_textblock  av-linked-heading'><h3 class='av-special-heading-tag '  itemprop=\"headline\"  >Enlaces<\/h3><div class=\"special-heading-border\"><div class=\"special-heading-inner-border\"><\/div><\/div><\/div><br \/>\n<section  class='av_textblock_section av-av_textblock-e878f05c31dff72941bf1e49a00d9ff5 '   itemscope=\"itemscope\" itemtype=\"https:\/\/schema.org\/CreativeWork\" ><div class='avia_textblock'  itemprop=\"text\" ><p>Nuestras p\u00e1ginas de Internet contienen enlaces a sitios web externos. Las infracciones legales de las p\u00e1ginas externas no eran evidentes en el momento de la vinculaci\u00f3n. Sin embargo, no tenemos ninguna influencia en el desarrollo de los contenidos de estos sitios web enlazados. Los operadores de las p\u00e1ginas enlazadas son los \u00fanicos responsables de su contenido. Nos desvinculamos de todos los contenidos que fueron modificados despu\u00e9s de la vinculaci\u00f3n. Si tenemos conocimiento de una infracci\u00f3n, eliminaremos inmediatamente de nuestro sitio web el enlace correspondiente o el contenido en cuesti\u00f3n.<\/p>\n<\/div><\/section><br \/>\n\n<style type=\"text\/css\" data-created_by=\"avia_inline_auto\" id=\"style-css-av-ju9l73ga-3004deebe1a5b2ee481bd1cafcd1300d\">\n#top .hr.hr-invisible.av-ju9l73ga-3004deebe1a5b2ee481bd1cafcd1300d{\nheight:50px;\n}\n<\/style>\n<div  class='hr av-ju9l73ga-3004deebe1a5b2ee481bd1cafcd1300d hr-invisible  avia-builder-el-12  el_after_av_textblock  avia-builder-el-last '><span class='hr-inner '><span class=\"hr-inner-style\"><\/span><\/span><\/div><\/p><\/div>\n<style type=\"text\/css\" data-created_by=\"avia_inline_auto\" id=\"style-css-av-46wn-71bd8fe3d01b5297760fd115f32a07a8\">\n.flex_column.av-46wn-71bd8fe3d01b5297760fd115f32a07a8{\nborder-radius:0px 0px 0px 0px;\npadding:0px 0px 0px 0px;\n}\n<\/style>\n<div  class='flex_column av-46wn-71bd8fe3d01b5297760fd115f32a07a8 av_one_fifth  avia-builder-el-13  el_after_av_three_fifth  avia-builder-el-last  flex_column_div av-zero-column-padding  '     ><\/div><\/p>\n","protected":false},"excerpt":{"rendered":"","protected":false},"author":1,"featured_media":0,"parent":0,"menu_order":0,"comment_status":"closed","ping_status":"closed","template":"","meta":{"footnotes":""},"class_list":["post-46856","page","type-page","status-publish","hentry"],"yoast_head":"<!-- This site is optimized with the Yoast SEO Premium plugin v26.2 (Yoast SEO v27.6) - https:\/\/yoast.com\/product\/yoast-seo-premium-wordpress\/ -->\n<title>Aviso legal | vhf camfacture AG<\/title>\n<meta name=\"robots\" content=\"index, follow, max-snippet:-1, max-image-preview:large, max-video-preview:-1\" \/>\n<link rel=\"canonical\" href=\"https:\/\/www.vhf.com\/es\/aviso-legal\/\" \/>\n<meta property=\"og:locale\" content=\"es_ES\" \/>\n<meta property=\"og:type\" content=\"article\" \/>\n<meta property=\"og:title\" content=\"Aviso legal | vhf camfacture AG\" \/>\n<meta property=\"og:url\" content=\"https:\/\/www.vhf.com\/es\/aviso-legal\/\" \/>\n<meta property=\"og:site_name\" content=\"vhf camfacture AG\" \/>\n<meta property=\"article:publisher\" content=\"https:\/\/de-de.facebook.com\/vhf.de\/\" \/>\n<meta property=\"article:modified_time\" content=\"2025-02-24T07:31:58+00:00\" \/>\n<meta name=\"twitter:card\" content=\"summary_large_image\" \/>\n<meta name=\"twitter:label1\" content=\"Est. reading time\" \/>\n\t<meta name=\"twitter:data1\" content=\"2 minutes\" \/>\n<script type=\"application\/ld+json\" class=\"yoast-schema-graph\">{\"@context\":\"https:\\\/\\\/schema.org\",\"@graph\":[{\"@type\":\"WebPage\",\"@id\":\"https:\\\/\\\/www.vhf.com\\\/es\\\/aviso-legal\\\/\",\"url\":\"https:\\\/\\\/www.vhf.com\\\/es\\\/aviso-legal\\\/\",\"name\":\"Aviso legal | vhf camfacture AG\",\"isPartOf\":{\"@id\":\"https:\\\/\\\/www.vhf.com\\\/es\\\/#website\"},\"datePublished\":\"2022-08-12T12:07:17+00:00\",\"dateModified\":\"2025-02-24T07:31:58+00:00\",\"breadcrumb\":{\"@id\":\"https:\\\/\\\/www.vhf.com\\\/es\\\/aviso-legal\\\/#breadcrumb\"},\"inLanguage\":\"es\",\"potentialAction\":[{\"@type\":\"ReadAction\",\"target\":[\"https:\\\/\\\/www.vhf.com\\\/es\\\/aviso-legal\\\/\"]}]},{\"@type\":\"BreadcrumbList\",\"@id\":\"https:\\\/\\\/www.vhf.com\\\/es\\\/aviso-legal\\\/#breadcrumb\",\"itemListElement\":[{\"@type\":\"ListItem\",\"position\":1,\"name\":\"Startseite\",\"item\":\"https:\\\/\\\/www.vhf.com\\\/es\\\/creating-perfection\\\/\"},{\"@type\":\"ListItem\",\"position\":2,\"name\":\"Aviso legal\"}]},{\"@type\":\"WebSite\",\"@id\":\"https:\\\/\\\/www.vhf.com\\\/es\\\/#website\",\"url\":\"https:\\\/\\\/www.vhf.com\\\/es\\\/\",\"name\":\"vhf camfacture AG\",\"description\":\"Fresadoras CNC y herramientas de fresado para la tecnolog\u00eda dental, industrial y publicitaria.\",\"publisher\":{\"@id\":\"https:\\\/\\\/www.vhf.com\\\/es\\\/#organization\"},\"potentialAction\":[{\"@type\":\"SearchAction\",\"target\":{\"@type\":\"EntryPoint\",\"urlTemplate\":\"https:\\\/\\\/www.vhf.com\\\/es\\\/?s={search_term_string}\"},\"query-input\":{\"@type\":\"PropertyValueSpecification\",\"valueRequired\":true,\"valueName\":\"search_term_string\"}}],\"inLanguage\":\"es\"},{\"@type\":\"Organization\",\"@id\":\"https:\\\/\\\/www.vhf.com\\\/es\\\/#organization\",\"name\":\"vhf camfacture AG\",\"url\":\"https:\\\/\\\/www.vhf.com\\\/es\\\/\",\"logo\":{\"@type\":\"ImageObject\",\"inLanguage\":\"es\",\"@id\":\"https:\\\/\\\/www.vhf.com\\\/es\\\/#\\\/schema\\\/logo\\\/image\\\/\",\"url\":\"https:\\\/\\\/www.vhf.com\\\/wp-content\\\/uploads\\\/vhf-creating-perfection.jpg\",\"contentUrl\":\"https:\\\/\\\/www.vhf.com\\\/wp-content\\\/uploads\\\/vhf-creating-perfection.jpg\",\"width\":495,\"height\":400,\"caption\":\"vhf camfacture AG\"},\"image\":{\"@id\":\"https:\\\/\\\/www.vhf.com\\\/es\\\/#\\\/schema\\\/logo\\\/image\\\/\"},\"sameAs\":[\"https:\\\/\\\/de-de.facebook.com\\\/vhf.de\\\/\"]}]}<\/script>\n<!-- \/ Yoast SEO Premium plugin. -->","yoast_head_json":{"title":"Aviso legal | vhf camfacture AG","robots":{"index":"index","follow":"follow","max-snippet":"max-snippet:-1","max-image-preview":"max-image-preview:large","max-video-preview":"max-video-preview:-1"},"canonical":"https:\/\/www.vhf.com\/es\/aviso-legal\/","og_locale":"es_ES","og_type":"article","og_title":"Aviso legal | vhf camfacture AG","og_url":"https:\/\/www.vhf.com\/es\/aviso-legal\/","og_site_name":"vhf camfacture AG","article_publisher":"https:\/\/de-de.facebook.com\/vhf.de\/","article_modified_time":"2025-02-24T07:31:58+00:00","twitter_card":"summary_large_image","twitter_misc":{"Est. reading time":"2 minutes"},"schema":{"@context":"https:\/\/schema.org","@graph":[{"@type":"WebPage","@id":"https:\/\/www.vhf.com\/es\/aviso-legal\/","url":"https:\/\/www.vhf.com\/es\/aviso-legal\/","name":"Aviso legal | vhf camfacture AG","isPartOf":{"@id":"https:\/\/www.vhf.com\/es\/#website"},"datePublished":"2022-08-12T12:07:17+00:00","dateModified":"2025-02-24T07:31:58+00:00","breadcrumb":{"@id":"https:\/\/www.vhf.com\/es\/aviso-legal\/#breadcrumb"},"inLanguage":"es","potentialAction":[{"@type":"ReadAction","target":["https:\/\/www.vhf.com\/es\/aviso-legal\/"]}]},{"@type":"BreadcrumbList","@id":"https:\/\/www.vhf.com\/es\/aviso-legal\/#breadcrumb","itemListElement":[{"@type":"ListItem","position":1,"name":"Startseite","item":"https:\/\/www.vhf.com\/es\/creating-perfection\/"},{"@type":"ListItem","position":2,"name":"Aviso legal"}]},{"@type":"WebSite","@id":"https:\/\/www.vhf.com\/es\/#website","url":"https:\/\/www.vhf.com\/es\/","name":"vhf camfacture AG","description":"Fresadoras CNC y herramientas de fresado para la tecnolog\u00eda dental, industrial y publicitaria.","publisher":{"@id":"https:\/\/www.vhf.com\/es\/#organization"},"potentialAction":[{"@type":"SearchAction","target":{"@type":"EntryPoint","urlTemplate":"https:\/\/www.vhf.com\/es\/?s={search_term_string}"},"query-input":{"@type":"PropertyValueSpecification","valueRequired":true,"valueName":"search_term_string"}}],"inLanguage":"es"},{"@type":"Organization","@id":"https:\/\/www.vhf.com\/es\/#organization","name":"vhf camfacture AG","url":"https:\/\/www.vhf.com\/es\/","logo":{"@type":"ImageObject","inLanguage":"es","@id":"https:\/\/www.vhf.com\/es\/#\/schema\/logo\/image\/","url":"https:\/\/www.vhf.com\/wp-content\/uploads\/vhf-creating-perfection.jpg","contentUrl":"https:\/\/www.vhf.com\/wp-content\/uploads\/vhf-creating-perfection.jpg","width":495,"height":400,"caption":"vhf camfacture AG"},"image":{"@id":"https:\/\/www.vhf.com\/es\/#\/schema\/logo\/image\/"},"sameAs":["https:\/\/de-de.facebook.com\/vhf.de\/"]}]}},"_links":{"self":[{"href":"https:\/\/www.vhf.com\/es\/wp-json\/wp\/v2\/pages\/46856","targetHints":{"allow":["GET"]}}],"collection":[{"href":"https:\/\/www.vhf.com\/es\/wp-json\/wp\/v2\/pages"}],"about":[{"href":"https:\/\/www.vhf.com\/es\/wp-json\/wp\/v2\/types\/page"}],"author":[{"embeddable":true,"href":"https:\/\/www.vhf.com\/es\/wp-json\/wp\/v2\/users\/1"}],"replies":[{"embeddable":true,"href":"https:\/\/www.vhf.com\/es\/wp-json\/wp\/v2\/comments?post=46856"}],"version-history":[{"count":3,"href":"https:\/\/www.vhf.com\/es\/wp-json\/wp\/v2\/pages\/46856\/revisions"}],"predecessor-version":[{"id":88603,"href":"https:\/\/www.vhf.com\/es\/wp-json\/wp\/v2\/pages\/46856\/revisions\/88603"}],"wp:attachment":[{"href":"https:\/\/www.vhf.com\/es\/wp-json\/wp\/v2\/media?parent=46856"}],"curies":[{"name":"wp","href":"https:\/\/api.w.org\/{rel}","templated":true}]}}